{"id":518,"date":"2016-10-27T16:59:06","date_gmt":"2016-10-27T16:59:06","guid":{"rendered":"http:\/\/www.inovativv.net\/ga\/?page_id=518"},"modified":"2020-03-03T16:13:51","modified_gmt":"2020-03-03T16:13:51","slug":"actas","status":"publish","type":"page","link":"https:\/\/www.gobiernoabiertozacatecas.org.mx\/ga\/actas\/","title":{"rendered":"Actas de Sesi\u00f3n Ordinaria o Extraordinaria"},"content":{"rendered":"<p>Bienvenido a la secci\u00f3n de Actas<\/p>\n<p>Aqu\u00ed podr\u00e1s encontrar las actas de cada Sesi\u00f3n Ordinaria y extraordinaria<\/p>\n<p>&nbsp;<\/p>\n<p>&nbsp;<\/p>\n<p>&nbsp;<\/p>\n<p>&nbsp;<\/p>\n<p>&nbsp;<\/p>\n<p>&nbsp;<\/p>\n<table>\n<tbody>\n<tr>\n<td>Actas Sesi\u00f3n Ordinaria<\/td>\n<td>Actas de Sesi\u00f3n Extraordinaria<\/td>\n<\/tr>\n<tr>\n<td><a href=\"http:\/\/www.gobiernoabiertozacatecas.org.mx\/ga\/wp-content\/uploads\/2018\/03\/01.-Primer-Acta-Ordinaria-25-Septiembre-2015.docx\">01.- Primer Acta Ordinaria 25-Septiembre-2015<\/a><\/td>\n<td><a href=\"http:\/\/www.gobiernoabiertozacatecas.org.mx\/ga\/wp-content\/uploads\/2018\/03\/1-Primer-Acta-Extraordinaria-4-febrero-2016.docx\">\u00a001.- Primer Acta Extraordinaria 4-Febrero-2016<\/a><\/td>\n<\/tr>\n<tr>\n<td><a href=\"http:\/\/www.gobiernoabiertozacatecas.org.mx\/ga\/wp-content\/uploads\/2018\/03\/02.-Segunda-Acta-Ordinaria-4-Noviembre-2015.docx\">02.- Segunda Acta Ordinaria 4-Noviembre-2015<\/a><\/td>\n<td><a href=\"http:\/\/www.gobiernoabiertozacatecas.org.mx\/ga\/wp-content\/uploads\/2018\/03\/2-Segunda-Acta-Extraordinaria-14-marzo-2016.docx\">\u00a002.- Segunda Acta Extraordinaria 14-Marzo-2016<\/a><\/td>\n<\/tr>\n<tr>\n<td><a href=\"http:\/\/www.gobiernoabiertozacatecas.org.mx\/ga\/wp-content\/uploads\/2018\/03\/03.-Tercer-Acta-Ordinaria-30-Noviembre-2015.docx\">03.- Tercer Acta Ordinaria 30-Noviembre-2015<\/a><\/td>\n<td><a href=\"http:\/\/www.gobiernoabiertozacatecas.org.mx\/ga\/wp-content\/uploads\/2018\/03\/3-Tercera-SesiC3B3n-Extraordinaria-27mayo-2016.docx\">\u00a003.- Tercera Sesi\u00f3n Extraordinaria 27-Mayo-2016<\/a><\/td>\n<\/tr>\n<tr>\n<td><a href=\"http:\/\/www.gobiernoabiertozacatecas.org.mx\/ga\/wp-content\/uploads\/2018\/03\/04.-Cuarta-Acta-Ordinaria-19-enero-2016.docx\">04.- Cuarta Acta Ordinaria 19-enero-2016<\/a><\/td>\n<td><a href=\"http:\/\/www.gobiernoabiertozacatecas.org.mx\/ga\/wp-content\/uploads\/2018\/03\/4-Sesion-Extraordinaria-10-Enero-2017.docx\">\u00a004.- Sesi\u00f3n extraordinaria 10-Enero-2017<\/a><\/td>\n<\/tr>\n<tr>\n<td><a href=\"http:\/\/www.gobiernoabiertozacatecas.org.mx\/ga\/wp-content\/uploads\/2018\/03\/05.-Quinta-Acta-Ordinaria-04-Febrero-2016-FE-DE-ERRATAS.docx\">05.- Quinta Acta Ordinaria 04-Febrero-2016 (FE-DE-ERRATAS)<\/a><\/td>\n<td><a href=\"http:\/\/www.gobiernoabiertozacatecas.org.mx\/ga\/wp-content\/uploads\/2018\/03\/5.-Acta-Sesi\u00f3n-Extraordinaria-20-Junio-2017.docx\">05.- Acta Sesi\u00f3n Extraordinaria 20-Junio-2017<\/a><\/td>\n<\/tr>\n<tr>\n<td><a href=\"http:\/\/www.gobiernoabiertozacatecas.org.mx\/ga\/wp-content\/uploads\/2018\/03\/06.-Sexta-Acta-Ordinaria-19-Abril-2016.doc\">06.- Sexta Acta Ordinaria 19-Abril-2016<\/a><\/td>\n<td><a href=\"http:\/\/www.gobiernoabiertozacatecas.org.mx\/ga\/wp-content\/uploads\/2018\/06\/6\u00b0-Sesio\u0301n-Extraordinaria-08-mayo.docx\">06.- Acta de Sesi\u00f3n Extraordinaria 08-Mayo-2018<\/a><\/td>\n<\/tr>\n<tr>\n<td><a href=\"http:\/\/www.gobiernoabiertozacatecas.org.mx\/ga\/wp-content\/uploads\/2018\/03\/07.-Septima-Acta-Ordinaria-31-mayo-2016.docx\">07.- S\u00e9ptima Acta Ordinaria-31-mayo-2016<\/a><\/td>\n<td><a href=\"http:\/\/www.gobiernoabiertozacatecas.org.mx\/ga\/wp-content\/uploads\/2019\/03\/7\u00b0-Sesi\u00f3n-Extrardinaria-13-Septiembre-2018.docx\">07.-Acta de Sesi\u00f3n Extraordinaria 13-Septiembre-2018<\/a><\/td>\n<\/tr>\n<tr>\n<td><a href=\"http:\/\/www.gobiernoabiertozacatecas.org.mx\/ga\/wp-content\/uploads\/2018\/03\/08.-Octava-Acta-Ordinaria-29-junio-2016.docx\">08.- Octava Acta Ordinaria 29-junio-2016<\/a><\/td>\n<td>\u00a0<a href=\"http:\/\/www.gobiernoabiertozacatecas.org.mx\/ga\/wp-content\/uploads\/2019\/08\/8\u00b0-Sesi\u00f3n-Extraordinaria-20-mayo-2019.docx\">08.-Acta de Sesi\u00f3n Extraordinaria 20-Mayo-2019<\/a><\/td>\n<\/tr>\n<tr>\n<td><a href=\"http:\/\/www.gobiernoabiertozacatecas.org.mx\/ga\/wp-content\/uploads\/2018\/03\/09.-Novena-Acta-Ordinaria-30-Agosto-2016.docx\">09.- Novena Acta Ordinaria 30-Agosto-2016<\/a><\/td>\n<td><a href=\"http:\/\/www.gobiernoabiertozacatecas.org.mx\/ga\/wp-content\/uploads\/2019\/08\/9\u00b0-Sesi\u00f3n-Extraordinaria-29-mayo-2019.docx\">\u00a009.-Acta de Sesi\u00f3n Extraordinaria 29-Mayo-2019<\/a><\/td>\n<\/tr>\n<tr>\n<td><a href=\"http:\/\/www.gobiernoabiertozacatecas.org.mx\/ga\/wp-content\/uploads\/2018\/03\/10.-Decima-Acta-Ordinaria-11-Octubre-2016.docx\">10.- D\u00e9cima Acta Ordinaria 11-Octubre-2016<\/a><\/td>\n<td><a href=\"http:\/\/www.gobiernoabiertozacatecas.org.mx\/ga\/wp-content\/uploads\/2020\/03\/10\u00b0-Sesi\u00f3n-Extraordinaria-2-septiembre-2019.docx\">\u00a010.-Acta de Sesi\u00f3n Extraordinaria 02-Septiembre-2019<\/a><\/td>\n<\/tr>\n<tr>\n<td><a href=\"http:\/\/www.gobiernoabiertozacatecas.org.mx\/ga\/wp-content\/uploads\/2018\/03\/11.-C2B0-sesion-GA-26-Octubre-2016.docx\">11.- C2B0 sesi\u00f3n GA 26-Octubre-2016<\/a><\/td>\n<td><\/td>\n<\/tr>\n<tr>\n<td><a href=\"http:\/\/www.gobiernoabiertozacatecas.org.mx\/ga\/wp-content\/uploads\/2018\/03\/12.-Sesion-Ordinaria-05-Diciembre-2016.docx\">12.- Sesi\u00f3n Ordinaria 05-Diciembre-2016<\/a><\/td>\n<td><\/td>\n<\/tr>\n<tr>\n<td><a href=\"http:\/\/www.gobiernoabiertozacatecas.org.mx\/ga\/wp-content\/uploads\/2018\/03\/13.-Sesion-Ordinaria-25-Enero-2017.docx\">13.-Sesi\u00f3n Ordinaria 25-Enero-2017<\/a><\/td>\n<td><\/td>\n<\/tr>\n<tr>\n<td><a href=\"http:\/\/www.gobiernoabiertozacatecas.org.mx\/ga\/wp-content\/uploads\/2018\/03\/14.-Sesi\u00f3n-Ordinaria-17-Febrero-2017.docx\">14.- Sesi\u00f3n Ordinaria 17-Febrero-2017<\/a><\/td>\n<td><\/td>\n<\/tr>\n<tr>\n<td><a href=\"http:\/\/www.gobiernoabiertozacatecas.org.mx\/ga\/wp-content\/uploads\/2018\/03\/15.-Sesion-Ordinaria-17-Abril-2017.docx\">15.- Sesi\u00f3n Ordinaria 17-Abril-2017<\/a><\/td>\n<td><\/td>\n<\/tr>\n<tr>\n<td><a href=\"http:\/\/www.gobiernoabiertozacatecas.org.mx\/ga\/wp-content\/uploads\/2018\/03\/16.-Sesi\u00f3n-Ordinaria-31-Mayo-2017.docx\">16.- Sesi\u00f3n Ordinaria 31 Mayo-2017<\/a><\/td>\n<td><\/td>\n<\/tr>\n<tr>\n<td><a href=\"http:\/\/www.gobiernoabiertozacatecas.org.mx\/ga\/wp-content\/uploads\/2018\/03\/17.-Sesi\u00f3n-Ordinaria-22-Agosto-2017.docx\">17.- Sesi\u00f3n Ordinaria 22-Agosto-2017<\/a><\/td>\n<td><\/td>\n<\/tr>\n<tr>\n<td><a href=\"http:\/\/www.gobiernoabiertozacatecas.org.mx\/ga\/wp-content\/uploads\/2018\/03\/18.-Sesi\u00f3n-Ordinaria-03-Octubre-2017.docx\">18.- Sesi\u00f3n Ordinaria 03-Octubre-2017<\/a><\/td>\n<td><\/td>\n<\/tr>\n<tr>\n<td><a href=\"http:\/\/www.gobiernoabiertozacatecas.org.mx\/ga\/wp-content\/uploads\/2018\/03\/19.-Sesi\u00f3n-Ordinaria-09-Enero-2018.docx\">19.- Sesi\u00f3n Ordinaria 09-Enero-2018<\/a><\/td>\n<td><\/td>\n<\/tr>\n<tr>\n<td><a href=\"http:\/\/www.gobiernoabiertozacatecas.org.mx\/ga\/wp-content\/uploads\/2018\/05\/20\u00b0-Sesi\u00f3n-Ordinaria-27-Febrero.docx\">20.- Sesi\u00f3n Ordinaria\u00a0 27-Febrero-2018<\/a><\/td>\n<td><\/td>\n<\/tr>\n<tr>\n<td><a href=\"http:\/\/www.gobiernoabiertozacatecas.org.mx\/ga\/wp-content\/uploads\/2018\/05\/Proyecto-de-Acta-21\u00b0-Sesi\u00f3n-Ordinaria-03-Abril.docx\">21.- Sesi\u00f3n Ordinaria\u00a0 03-Abril-2018<\/a><\/td>\n<td><\/td>\n<\/tr>\n<tr>\n<td><a href=\"http:\/\/www.gobiernoabiertozacatecas.org.mx\/ga\/wp-content\/uploads\/2018\/09\/22\u00b0-Sesi\u00f3n-Ordinaria-05-Junio.docx\">22.-Sesi\u00f3n Ordinaria 05-Junio-2018<\/a><\/td>\n<td><\/td>\n<\/tr>\n<tr>\n<td><a href=\"http:\/\/www.gobiernoabiertozacatecas.org.mx\/ga\/wp-content\/uploads\/2018\/08\/23\u00b0-Sesio\u0301n-Ordinaria-10-Jul.docx\">23.- Sesio\u0301n Ordinaria 10-Julio-2018 <\/a><\/td>\n<td><\/td>\n<\/tr>\n<tr>\n<td><a href=\"http:\/\/www.gobiernoabiertozacatecas.org.mx\/ga\/wp-content\/uploads\/2018\/08\/24\u00b0-Sesio\u0301n-Ordinaria-14-Agosto_Final.docx\">24.- Sesi\u00f3n Ordinaria 24-Julio-2018<\/a><\/td>\n<td><\/td>\n<\/tr>\n<tr>\n<td><a href=\"http:\/\/www.gobiernoabiertozacatecas.org.mx\/ga\/wp-content\/uploads\/2019\/03\/25\u00b0-Sesi\u00f3n-Ordinaria-09-Octubre.docx\">25.-Sesi\u00f3n Ordinaria 09-Octubre-2018<\/a><\/td>\n<td><\/td>\n<\/tr>\n<tr>\n<td><a href=\"http:\/\/www.gobiernoabiertozacatecas.org.mx\/ga\/wp-content\/uploads\/2019\/03\/26\u00b0-Sesi\u00f3n-Ordinaria-18-Diciembre.docx\">26.-Sesi\u00f3n Ordinaria 18-Diciembre-2018<\/a><\/td>\n<td><\/td>\n<\/tr>\n<tr>\n<td><a href=\"http:\/\/www.gobiernoabiertozacatecas.org.mx\/ga\/wp-content\/uploads\/2019\/03\/27\u00b0-Sesi\u00f3n-Ordinaria-06-Febrero.docx\">27.-Sesi\u00f3n Ordinaria 06-Febrero-2019<\/a><\/td>\n<td><\/td>\n<\/tr>\n<tr>\n<td><a href=\"http:\/\/www.gobiernoabiertozacatecas.org.mx\/ga\/wp-content\/uploads\/2019\/08\/28\u00b0-Sesi\u00f3n-Ordinaria-03-Abril.docx\">28.-Sesi\u00f3n Ordinaria 03-Abril-2019<\/a><\/td>\n<td><\/td>\n<\/tr>\n<tr>\n<td><a href=\"http:\/\/www.gobiernoabiertozacatecas.org.mx\/ga\/wp-content\/uploads\/2020\/02\/29\u00b0-Sesi\u00f3n-Ordinaria-13-agosto.docx\">29.-Sesi\u00f3n Ordinaria 13-Agosto-2019<\/a><\/td>\n<td><\/td>\n<\/tr>\n<tr>\n<td><a href=\"http:\/\/www.gobiernoabiertozacatecas.org.mx\/ga\/wp-content\/uploads\/2020\/02\/30\u00b0-Sesi\u00f3n-Ordinaria-4-noviembre-19.docx\">30.-Sesi\u00f3n Ordinaria 04-Noviembre-2019<\/a><\/td>\n<td><\/td>\n<\/tr>\n<\/tbody>\n<\/table>\n<div class=\"row\">\n<div class=\"col-md-12\"><\/div>\n<\/div>\n<div class=\"row\">\n<div class=\"col-md-12\">\n<div class=\"cs-pricing-table table-responsive col-md-5\"><\/div>\n<\/div>\n<\/div>\n","protected":false},"excerpt":{"rendered":"<p>Bienvenido a la secci\u00f3n de Actas Aqu\u00ed podr\u00e1s encontrar las actas de cada Sesi\u00f3n Ordinaria y extraordinaria &nbsp; &nbsp; &nbsp; &nbsp; &nbsp; &nbsp; Actas Sesi\u00f3n Ordinaria Actas de Sesi\u00f3n Extraordinaria 01.- Primer Acta Ordinaria 25-Septiembre-2015 \u00a001.- Primer Acta Extraordinaria 4-Febrero-2016 02.- Segunda Acta Ordinaria 4-Noviembre-2015 \u00a002.- Segunda Acta Extraordinaria 14-Marzo-2016 03.- Tercer Acta Ordinaria 30-Noviembre-2015&hellip;<\/p>\n","protected":false},"author":7,"featured_media":0,"parent":0,"menu_order":0,"comment_status":"closed","ping_status":"closed","template":"","meta":[],"_links":{"self":[{"href":"https:\/\/www.gobiernoabiertozacatecas.org.mx\/ga\/wp-json\/wp\/v2\/pages\/518"}],"collection":[{"href":"https:\/\/www.gobiernoabiertozacatecas.org.mx\/ga\/wp-json\/wp\/v2\/pages"}],"about":[{"href":"https:\/\/www.gobiernoabiertozacatecas.org.mx\/ga\/wp-json\/wp\/v2\/types\/page"}],"author":[{"embeddable":true,"href":"https:\/\/www.gobiernoabiertozacatecas.org.mx\/ga\/wp-json\/wp\/v2\/users\/7"}],"replies":[{"embeddable":true,"href":"https:\/\/www.gobiernoabiertozacatecas.org.mx\/ga\/wp-json\/wp\/v2\/comments?post=518"}],"version-history":[{"count":41,"href":"https:\/\/www.gobiernoabiertozacatecas.org.mx\/ga\/wp-json\/wp\/v2\/pages\/518\/revisions"}],"predecessor-version":[{"id":1582,"href":"https:\/\/www.gobiernoabiertozacatecas.org.mx\/ga\/wp-json\/wp\/v2\/pages\/518\/revisions\/1582"}],"wp:attachment":[{"href":"https:\/\/www.gobiernoabiertozacatecas.org.mx\/ga\/wp-json\/wp\/v2\/media?parent=518"}],"curies":[{"name":"wp","href":"https:\/\/api.w.org\/{rel}","templated":true}]}}