{"id":539,"date":"2016-10-27T17:56:59","date_gmt":"2016-10-27T17:56:59","guid":{"rendered":"http:\/\/www.inovativv.net\/ga\/?page_id=539"},"modified":"2018-03-12T21:01:25","modified_gmt":"2018-03-12T21:01:25","slug":"codigo","status":"publish","type":"page","link":"http:\/\/www.gobiernoabiertozacatecas.org.mx\/ga\/codigo\/","title":{"rendered":"C\u00f3digo Urbano"},"content":{"rendered":"<p>Material:<\/p>\n<p><strong><span style=\"color: #0000ff;\"><a style=\"color: #0000ff;\" href=\"http:\/\/www.gobiernoabiertozacatecas.org.mx\/ga\/wp-content\/uploads\/2018\/03\/Oficio-invitaci\u00f3n-representante-de-la-sociedad-civil.pdf\">Oficio Invitaci\u00f3n Representante de la Sociedad Civil<\/a><\/span><\/strong><\/p>\n<table width=\"400\">\n<tbody>\n<tr>\n<td width=\"80\">Actividades<\/td>\n<td width=\"80\">Producto<\/td>\n<td width=\"80\">Avance<\/td>\n<td width=\"80\">Revisa el avance<\/td>\n<td width=\"80\"><\/td>\n<\/tr>\n<tr>\n<td rowspan=\"2\" width=\"80\">1<\/td>\n<td rowspan=\"2\" width=\"80\">Realizar un Hackathon para mejorar la p\u00e1gina de b\u00fasqueda RETyS<\/td>\n<td rowspan=\"2\" width=\"80\">\u00a0Hackaton<\/td>\n<td width=\"80\"><\/td>\n<td rowspan=\"2\" width=\"80\"><a href=\"http:\/\/www.gobiernoabiertozacatecas.org.mx\/ga\/wp-content\/uploads\/2016\/10\/Reporte-de-trabajo.-CODIGO-URBANO.docx\">Reporte de Trabajo.<\/a><\/td>\n<\/tr>\n<tr>\n<td width=\"80\">100%<\/td>\n<\/tr>\n<tr>\n<td rowspan=\"2\" width=\"80\">2<\/td>\n<td rowspan=\"2\" width=\"80\">Seguimiento a la estrategia implementada por la Secretar\u00eda de Econom\u00eda del Gobierno del Estado mediante el atestiguamiento en la firma del Convenio de Colaboraci\u00f3n que celebrar\u00e1 el Gobierno del Estado con la COFEMER para diagnostico e implementaci\u00f3n de procesos de mejora regulatoria en tr\u00e1mites y servicios.<\/td>\n<td rowspan=\"2\" width=\"80\">Reporte de trabajo de las acciones de sesguimiento.<\/td>\n<td width=\"80\"><\/td>\n<td rowspan=\"2\" width=\"80\"><a href=\"http:\/\/www.gobiernoabiertozacatecas.org.mx\/ga\/wp-content\/uploads\/2017\/01\/Reporte-de-trabajo.-CODIGO-URBANO-actualizado.docx\">Reporte de Trabajo.<\/a><\/td>\n<\/tr>\n<tr>\n<td width=\"80\">100%<\/td>\n<\/tr>\n<\/tbody>\n<\/table>\n<p><img loading=\"lazy\" class=\"alignleft size-full wp-image-1120\" src=\"http:\/\/www.gobiernoabiertozacatecas.org.mx\/ga\/wp-content\/uploads\/2018\/03\/invitaci\u00f3n.-Mesa-Tem\u00e1tica-Legislaci\u00f3n-Urbana.jpg\" alt=\"\" width=\"1098\" height=\"549\" srcset=\"http:\/\/www.gobiernoabiertozacatecas.org.mx\/ga\/wp-content\/uploads\/2018\/03\/invitaci\u00f3n.-Mesa-Tem\u00e1tica-Legislaci\u00f3n-Urbana.jpg 1098w, http:\/\/www.gobiernoabiertozacatecas.org.mx\/ga\/wp-content\/uploads\/2018\/03\/invitaci\u00f3n.-Mesa-Tem\u00e1tica-Legislaci\u00f3n-Urbana-300x150.jpg 300w, http:\/\/www.gobiernoabiertozacatecas.org.mx\/ga\/wp-content\/uploads\/2018\/03\/invitaci\u00f3n.-Mesa-Tem\u00e1tica-Legislaci\u00f3n-Urbana-768x384.jpg 768w, http:\/\/www.gobiernoabiertozacatecas.org.mx\/ga\/wp-content\/uploads\/2018\/03\/invitaci\u00f3n.-Mesa-Tem\u00e1tica-Legislaci\u00f3n-Urbana-1024x512.jpg 1024w\" sizes=\"(max-width: 1098px) 100vw, 1098px\" \/><\/p>\n","protected":false},"excerpt":{"rendered":"<p>Material: Oficio Invitaci\u00f3n Representante de la Sociedad Civil Actividades Producto Avance Revisa el avance 1 Realizar un Hackathon para mejorar la p\u00e1gina de b\u00fasqueda RETyS \u00a0Hackaton Reporte de Trabajo. 100% 2 Seguimiento a la estrategia implementada por la Secretar\u00eda de Econom\u00eda del Gobierno del Estado mediante el atestiguamiento en la firma del Convenio de Colaboraci\u00f3n&hellip;<\/p>\n","protected":false},"author":7,"featured_media":0,"parent":0,"menu_order":0,"comment_status":"closed","ping_status":"closed","template":"","meta":[],"_links":{"self":[{"href":"http:\/\/www.gobiernoabiertozacatecas.org.mx\/ga\/wp-json\/wp\/v2\/pages\/539"}],"collection":[{"href":"http:\/\/www.gobiernoabiertozacatecas.org.mx\/ga\/wp-json\/wp\/v2\/pages"}],"about":[{"href":"http:\/\/www.gobiernoabiertozacatecas.org.mx\/ga\/wp-json\/wp\/v2\/types\/page"}],"author":[{"embeddable":true,"href":"http:\/\/www.gobiernoabiertozacatecas.org.mx\/ga\/wp-json\/wp\/v2\/users\/7"}],"replies":[{"embeddable":true,"href":"http:\/\/www.gobiernoabiertozacatecas.org.mx\/ga\/wp-json\/wp\/v2\/comments?post=539"}],"version-history":[{"count":4,"href":"http:\/\/www.gobiernoabiertozacatecas.org.mx\/ga\/wp-json\/wp\/v2\/pages\/539\/revisions"}],"predecessor-version":[{"id":1121,"href":"http:\/\/www.gobiernoabiertozacatecas.org.mx\/ga\/wp-json\/wp\/v2\/pages\/539\/revisions\/1121"}],"wp:attachment":[{"href":"http:\/\/www.gobiernoabiertozacatecas.org.mx\/ga\/wp-json\/wp\/v2\/media?parent=539"}],"curies":[{"name":"wp","href":"https:\/\/api.w.org\/{rel}","templated":true}]}}