{"id":537,"date":"2016-10-27T17:55:07","date_gmt":"2016-10-27T17:55:07","guid":{"rendered":"http:\/\/www.inovativv.net\/ga\/?page_id=537"},"modified":"2018-03-12T20:55:09","modified_gmt":"2018-03-12T20:55:09","slug":"planeacion","status":"publish","type":"page","link":"http:\/\/www.gobiernoabiertozacatecas.org.mx\/ga\/planeacion\/","title":{"rendered":"Institutos Municipales de Planeaci\u00f3n"},"content":{"rendered":"<p>Material:<\/p>\n<p><strong><span style=\"color: #0000ff;\"><a style=\"color: #0000ff;\" href=\"http:\/\/www.gobiernoabiertozacatecas.org.mx\/ga\/wp-content\/uploads\/2016\/10\/Implan-exposici\u00f3n-ciudadana.pdf\">Implan Exposici\u00f3n Ciudadana<\/a><\/span><\/strong><\/p>\n<p><strong><span style=\"color: #0000ff;\"><a style=\"color: #0000ff;\" href=\"http:\/\/www.gobiernoabiertozacatecas.org.mx\/ga\/wp-content\/uploads\/2016\/10\/Decreto-658-Ley-Org\u00e1nica-del-Municipio.pdf\">Decreto 658 Ley Org\u00e1nica del Municipio<\/a><\/span><\/strong><\/p>\n<table width=\"400\">\n<tbody>\n<tr>\n<td width=\"80\">Actividades<\/td>\n<td width=\"80\">Producto<\/td>\n<td width=\"80\">Avance<\/td>\n<td width=\"80\">Revisa el avance<\/td>\n<td width=\"80\"><\/td>\n<\/tr>\n<tr>\n<td rowspan=\"2\" width=\"80\">1<\/td>\n<td rowspan=\"2\" width=\"80\">Investigar sobre el funcionamiento de los Implan en otros municipios<\/td>\n<td rowspan=\"2\" width=\"80\">Reporte de trabajo que ser\u00e1 publicado en la p\u00e1gina de Gobierno Abierto Zacatecas<\/td>\n<td width=\"80\"><\/td>\n<td rowspan=\"2\" width=\"80\"><a href=\"http:\/\/www.gobiernoabiertozacatecas.org.mx\/ga\/wp-content\/uploads\/2016\/10\/Reporte-de-trabajo.-IMPLAN.docx\">Reporte de trabajo<\/a><\/td>\n<\/tr>\n<tr>\n<td width=\"80\">100%<\/td>\n<\/tr>\n<tr>\n<td rowspan=\"2\" width=\"80\">2<\/td>\n<td rowspan=\"2\" width=\"80\">Elaborar el marco legal para la modificaci\u00f3n de la Ley Org\u00e1nica del Municipio<\/td>\n<td rowspan=\"2\" width=\"80\">Trasmisi\u00f3n en vivo e informe de trabajo<\/td>\n<td width=\"80\">Decreto 658 Ley Org\u00e1nica del Municipio, contempla obligaci\u00f3n de crear Unidades o Institutos de Planeaci\u00f3n.<\/td>\n<td rowspan=\"2\" width=\"80\"><a href=\"http:\/\/www.gobiernoabiertozacatecas.org.mx\/ga\/wp-content\/uploads\/2016\/10\/Decreto-658-Ley-Org%C3%A1nica-del-Municipio.pdf\">Revisa el Decreto<\/a><\/td>\n<\/tr>\n<tr>\n<td width=\"80\">100%<\/td>\n<\/tr>\n<tr>\n<td rowspan=\"2\" width=\"80\">3<\/td>\n<td rowspan=\"2\" width=\"80\">Promover las reformas a la Ley Org\u00e1nica del Municipio seleccionado.<\/td>\n<td rowspan=\"2\" width=\"80\">Difusi\u00f3n, en la p\u00e1gina de Gobierno Abierto, de los trabajos realizados para la promoci\u00f3n de la reforma.<\/td>\n<td width=\"80\"><\/td>\n<td rowspan=\"2\" width=\"80\"><\/td>\n<\/tr>\n<tr>\n<td width=\"80\">100%<\/td>\n<\/tr>\n<tr>\n<td rowspan=\"2\" width=\"80\">4<\/td>\n<td rowspan=\"2\" width=\"80\">Crear un organismo paramunicipal denominado Implan en, al menos, un Ayuntamiento que cumpla con las caracter\u00edsticas que se indiquen en el marco legal.<\/td>\n<td rowspan=\"2\" width=\"80\">Acuerdos de cabildo por el cual se crea el organismo paramunicipal denominado Implan, mismos que deber\u00e1n ser difundidos en la p\u00e1gina de Gobierno abierto Zacatecas.<\/td>\n<td width=\"80\"><\/td>\n<td rowspan=\"2\" width=\"80\"><\/td>\n<\/tr>\n<tr>\n<td width=\"80\">100%<\/td>\n<\/tr>\n<tr>\n<td><\/td>\n<td><\/td>\n<td><\/td>\n<td><\/td>\n<td><\/td>\n<\/tr>\n<\/tbody>\n<\/table>\n<p><\/p>\n","protected":false},"excerpt":{"rendered":"<p>Material: Implan Exposici\u00f3n Ciudadana Decreto 658 Ley Org\u00e1nica del Municipio Actividades Producto Avance Revisa el avance 1 Investigar sobre el funcionamiento de los Implan en otros municipios Reporte de trabajo que ser\u00e1 publicado en la p\u00e1gina de Gobierno Abierto Zacatecas Reporte de trabajo 100% 2 Elaborar el marco legal para la modificaci\u00f3n de la Ley&hellip;<\/p>\n","protected":false},"author":7,"featured_media":0,"parent":0,"menu_order":0,"comment_status":"closed","ping_status":"closed","template":"","meta":[],"_links":{"self":[{"href":"http:\/\/www.gobiernoabiertozacatecas.org.mx\/ga\/wp-json\/wp\/v2\/pages\/537"}],"collection":[{"href":"http:\/\/www.gobiernoabiertozacatecas.org.mx\/ga\/wp-json\/wp\/v2\/pages"}],"about":[{"href":"http:\/\/www.gobiernoabiertozacatecas.org.mx\/ga\/wp-json\/wp\/v2\/types\/page"}],"author":[{"embeddable":true,"href":"http:\/\/www.gobiernoabiertozacatecas.org.mx\/ga\/wp-json\/wp\/v2\/users\/7"}],"replies":[{"embeddable":true,"href":"http:\/\/www.gobiernoabiertozacatecas.org.mx\/ga\/wp-json\/wp\/v2\/comments?post=537"}],"version-history":[{"count":3,"href":"http:\/\/www.gobiernoabiertozacatecas.org.mx\/ga\/wp-json\/wp\/v2\/pages\/537\/revisions"}],"predecessor-version":[{"id":1114,"href":"http:\/\/www.gobiernoabiertozacatecas.org.mx\/ga\/wp-json\/wp\/v2\/pages\/537\/revisions\/1114"}],"wp:attachment":[{"href":"http:\/\/www.gobiernoabiertozacatecas.org.mx\/ga\/wp-json\/wp\/v2\/media?parent=537"}],"curies":[{"name":"wp","href":"https:\/\/api.w.org\/{rel}","templated":true}]}}