{"id":535,"date":"2016-10-27T17:46:27","date_gmt":"2016-10-27T17:46:27","guid":{"rendered":"http:\/\/www.inovativv.net\/ga\/?page_id=535"},"modified":"2018-03-12T20:47:16","modified_gmt":"2018-03-12T20:47:16","slug":"ventanilla","status":"publish","type":"page","link":"http:\/\/www.gobiernoabiertozacatecas.org.mx\/ga\/ventanilla\/","title":{"rendered":"Ventanilla \u00danica de Tr\u00e1mites"},"content":{"rendered":"<p>Material:<\/p>\n<p><span style=\"color: #0000ff;\"><strong><a style=\"color: #0000ff;\" href=\"http:\/\/www.gobiernoabiertozacatecas.org.mx\/ga\/wp-content\/uploads\/2016\/10\/Exposici\u00f3n-de-la-Comisi\u00f3n-Estatal-De-Mejora-Regulatoria-de-la-Secretar\u00eda-de-Econom\u00eda.pptx\">La Comisi\u00f3n Estatal de Mejora Regulatoria<\/a><\/strong><\/span><\/p>\n<p><span style=\"color: #0000ff;\"><strong><a style=\"color: #0000ff;\" href=\"http:\/\/www.gobiernoabiertozacatecas.org.mx\/ga\/wp-content\/uploads\/2016\/10\/Encuesta-Nacional-de-Calidad-e-Impacto-Gubernamental.pptx\">Encuesta Nacional de Calidad e Impacto Gubernamental<\/a><\/strong><\/span><\/p>\n<p><span style=\"color: #0000ff;\"><strong><a style=\"color: #0000ff;\" href=\"http:\/\/www.gobiernoabiertozacatecas.org.mx\/ga\/wp-content\/uploads\/2018\/03\/Oficio_Act.1_Ventanilla.docx\">Oficio Act.1 Ventanilla<\/a><\/strong><\/span><\/p>\n<table width=\"320\">\n<tbody>\n<tr>\n<td width=\"80\">Actividades<\/td>\n<td width=\"80\">Producto<\/td>\n<td width=\"80\">Avance<\/td>\n<td width=\"80\"><\/td>\n<\/tr>\n<tr>\n<td rowspan=\"2\" width=\"80\">1<\/td>\n<td rowspan=\"2\" width=\"80\">Identificar los Tr\u00e1mites y Servicios susceptibles de mejora regulatoria en base en la solicitud.<\/td>\n<td rowspan=\"2\" width=\"80\">Reporte de trabajo que se publicar\u00e1, por lo menos, en la p\u00e1gina de RETyS y Gobierno Abierto de Zacatecas.<\/td>\n<td width=\"80\"><\/td>\n<\/tr>\n<tr>\n<td width=\"80\">100%<\/td>\n<\/tr>\n<tr>\n<td rowspan=\"2\" width=\"80\">2<\/td>\n<td rowspan=\"2\" width=\"80\">Realizar un hackathon para mejorar la p\u00e1gina de b\u00fasqueda RETyS<\/td>\n<td rowspan=\"2\" width=\"80\">Trasmisi\u00f3n en vivo e informe de trabajo<\/td>\n<td width=\"80\"><\/td>\n<\/tr>\n<tr>\n<td width=\"80\">100%<\/td>\n<\/tr>\n<tr>\n<td rowspan=\"2\" width=\"80\">3<\/td>\n<td rowspan=\"2\" width=\"80\">Desarrollar procesos de mejora regulatoria de los tr\u00e1mites y servicios seleccionados.<\/td>\n<td rowspan=\"2\" width=\"80\">Reporte de trabajo que se publicar\u00e1, por lo menos, en la p\u00e1gina de RETyS y Gobierno Abierto de Zacatecas<\/td>\n<td width=\"80\"><\/td>\n<\/tr>\n<tr>\n<td width=\"80\">100%<\/td>\n<\/tr>\n<tr>\n<td rowspan=\"2\" width=\"80\">4<\/td>\n<td rowspan=\"2\" width=\"80\">Incorporar a la Ventanilla \u00danica Nacional<\/td>\n<td rowspan=\"2\" width=\"80\">Difusi\u00f3n en medios, por lo menos, digitales<\/td>\n<td width=\"80\"><\/td>\n<\/tr>\n<tr>\n<td width=\"80\">100%<\/td>\n<\/tr>\n<\/tbody>\n<\/table>\n<p>&nbsp;<\/p>\n","protected":false},"excerpt":{"rendered":"<p>Material: La Comisi\u00f3n Estatal de Mejora Regulatoria Encuesta Nacional de Calidad e Impacto Gubernamental Oficio Act.1 Ventanilla Actividades Producto Avance 1 Identificar los Tr\u00e1mites y Servicios susceptibles de mejora regulatoria en base en la solicitud. Reporte de trabajo que se publicar\u00e1, por lo menos, en la p\u00e1gina de RETyS y Gobierno Abierto de Zacatecas. 100%&hellip;<\/p>\n","protected":false},"author":7,"featured_media":0,"parent":0,"menu_order":0,"comment_status":"closed","ping_status":"closed","template":"","meta":[],"_links":{"self":[{"href":"http:\/\/www.gobiernoabiertozacatecas.org.mx\/ga\/wp-json\/wp\/v2\/pages\/535"}],"collection":[{"href":"http:\/\/www.gobiernoabiertozacatecas.org.mx\/ga\/wp-json\/wp\/v2\/pages"}],"about":[{"href":"http:\/\/www.gobiernoabiertozacatecas.org.mx\/ga\/wp-json\/wp\/v2\/types\/page"}],"author":[{"embeddable":true,"href":"http:\/\/www.gobiernoabiertozacatecas.org.mx\/ga\/wp-json\/wp\/v2\/users\/7"}],"replies":[{"embeddable":true,"href":"http:\/\/www.gobiernoabiertozacatecas.org.mx\/ga\/wp-json\/wp\/v2\/comments?post=535"}],"version-history":[{"count":11,"href":"http:\/\/www.gobiernoabiertozacatecas.org.mx\/ga\/wp-json\/wp\/v2\/pages\/535\/revisions"}],"predecessor-version":[{"id":1113,"href":"http:\/\/www.gobiernoabiertozacatecas.org.mx\/ga\/wp-json\/wp\/v2\/pages\/535\/revisions\/1113"}],"wp:attachment":[{"href":"http:\/\/www.gobiernoabiertozacatecas.org.mx\/ga\/wp-json\/wp\/v2\/media?parent=535"}],"curies":[{"name":"wp","href":"https:\/\/api.w.org\/{rel}","templated":true}]}}