{"id":533,"date":"2016-10-27T17:32:02","date_gmt":"2016-10-27T17:32:02","guid":{"rendered":"http:\/\/www.inovativv.net\/ga\/?page_id=533"},"modified":"2018-03-12T20:29:08","modified_gmt":"2018-03-12T20:29:08","slug":"observatorio","status":"publish","type":"page","link":"http:\/\/www.gobiernoabiertozacatecas.org.mx\/ga\/observatorio\/","title":{"rendered":"Observatorio, Sitios Inscritos En La Lista Del Patrimonio Mundial Primera Etapa Zacatecas-Guadalupe"},"content":{"rendered":"<table style=\"border-collapse: collapse; width: 300pt;\" border=\"0\" width=\"400\" cellspacing=\"0\" cellpadding=\"0\">\n<colgroup>\n<col style=\"width: 60pt;\" span=\"5\" width=\"80\" \/> <\/colgroup>\n<tbody>\n<tr style=\"height: 15.0pt;\">\n<td class=\"xl65\" style=\"height: 15.0pt; width: 60pt;\" width=\"80\" height=\"20\"><\/td>\n<td class=\"xl65\" style=\"width: 60pt;\" width=\"80\"><\/td>\n<td class=\"xl65\" style=\"width: 60pt;\" width=\"80\"><\/td>\n<td class=\"xl65\" style=\"width: 60pt;\" width=\"80\"><\/td>\n<td class=\"xl65\" style=\"width: 60pt;\" width=\"80\"><\/td>\n<\/tr>\n<tr style=\"height: 24.75pt;\">\n<td class=\"xl66\" style=\"height: 24.75pt; width: 60pt;\" width=\"80\" height=\"33\">Actividades<\/td>\n<td class=\"xl66\" style=\"width: 60pt;\" width=\"80\">Producto<\/td>\n<td class=\"xl66\" style=\"width: 60pt;\" width=\"80\">Avance<\/td>\n<td class=\"xl66\" style=\"width: 60pt;\" width=\"80\">Revisa el avance<\/td>\n<td class=\"xl65\"><\/td>\n<\/tr>\n<tr style=\"height: 60.75pt;\">\n<td class=\"xl67\" style=\"height: 60.75pt; width: 60pt;\" width=\"80\" height=\"81\">1<\/td>\n<td class=\"xl66\" style=\"width: 60pt;\" width=\"80\">Compilar el marco normativo<\/td>\n<td class=\"xl66\" style=\"width: 60pt;\" width=\"80\">Publicaci\u00f3n del Inventario de los sitios hist\u00f3ricos en el micrositio.<\/td>\n<td class=\"xl68\" style=\"width: 60pt;\" align=\"right\" width=\"80\">100%<\/td>\n<td class=\"xl69\" style=\"width: 60pt;\" width=\"80\"><a href=\"http:\/\/www.gobiernoabiertozacatecas.org.mx\/ga\/marco-observatorio\/\">Revisa el Marco Normativo<\/a><\/td>\n<\/tr>\n<tr style=\"height: 96.75pt;\">\n<td class=\"xl67\" style=\"height: 96.75pt; width: 60pt;\" width=\"80\" height=\"129\">2<\/td>\n<td class=\"xl66\" style=\"width: 60pt;\" width=\"80\">Concentrar un inventario de los sitios y monumentos con valor universal, excepcional.<\/td>\n<td class=\"xl66\" style=\"width: 60pt;\" width=\"80\">Micrositio del observatorio en la p\u00e1gina de Gobierno Abierto.<\/td>\n<td class=\"xl66\" style=\"width: 60pt;\" width=\"80\"><\/td>\n<td class=\"xl66\" style=\"width: 60pt;\" width=\"80\"><\/td>\n<\/tr>\n<tr style=\"height: 60.75pt;\">\n<td class=\"xl67\" style=\"height: 60.75pt; width: 60pt;\" width=\"80\" height=\"81\">3<\/td>\n<td class=\"xl66\" style=\"width: 60pt;\" width=\"80\">Crear un Observatorio en la ciudad de Zacatecas<\/td>\n<td class=\"xl66\" style=\"width: 60pt;\" width=\"80\">Micrositio del observatorio en la p\u00e1gina de Gobierno Abierto.<\/td>\n<td class=\"xl66\" style=\"width: 60pt;\" width=\"80\"><\/td>\n<td class=\"xl66\" style=\"width: 60pt;\" width=\"80\"><\/td>\n<\/tr>\n<tr style=\"height: 144.75pt;\">\n<td class=\"xl67\" style=\"height: 144.75pt; width: 60pt;\" width=\"80\" height=\"193\">4<\/td>\n<td class=\"xl66\" style=\"width: 60pt;\" width=\"80\">Informar acerca de los monumentos con valor arquitect\u00f3nico que impidan su remodelaci\u00f3n, restauraci\u00f3n o dominio.<\/td>\n<td class=\"xl66\" style=\"width: 60pt;\" width=\"80\">Memoria documental que se publicar\u00e1 en el micrositio del observatorio.<\/td>\n<td class=\"xl66\" style=\"width: 60pt;\" width=\"80\"><\/td>\n<td class=\"xl65\"><\/td>\n<\/tr>\n<tr style=\"height: 156.75pt;\">\n<td class=\"xl67\" style=\"height: 156.75pt; width: 60pt;\" width=\"80\" height=\"209\">5<\/td>\n<td class=\"xl66\" style=\"width: 60pt;\" width=\"80\">Informar acerca de los monumentos con valor arquitect\u00f3nico que impidan su remodelaci\u00f3n, restauraci\u00f3n o dominio.<\/td>\n<td class=\"xl66\" style=\"width: 60pt;\" width=\"80\">\u00a0Informe de monumentos con valor arquitect\u00f3nico que impidan su remodelaci\u00f3n, restauraci\u00f3n o dominio que se difundir\u00e1 en el micrositio<\/td>\n<td class=\"xl66\" style=\"width: 60pt;\" width=\"80\"><\/td>\n<td class=\"xl65\"><\/td>\n<\/tr>\n<tr style=\"height: 180.75pt;\">\n<td class=\"xl67\" style=\"height: 180.75pt; width: 60pt;\" width=\"80\" height=\"241\">5<\/td>\n<td class=\"xl66\" style=\"width: 60pt;\" width=\"80\">Crear una base de datos que relacionar\u00e1 el inventario con el informe.<\/td>\n<td class=\"xl66\" style=\"width: 60pt;\" width=\"80\">\u00a0Publicaci\u00f3n de la base de datos que se gener\u00f3 a partir del inventario del informe de la actividad anterior en el micrositio del observatorio y en el portal de datos abiertos de<\/td>\n<td class=\"xl65\"><\/td>\n<td class=\"xl65\"><\/td>\n<\/tr>\n<\/tbody>\n<\/table>\n<p><\/p>\n","protected":false},"excerpt":{"rendered":"<p>Actividades Producto Avance Revisa el avance 1 Compilar el marco normativo Publicaci\u00f3n del Inventario de los sitios hist\u00f3ricos en el micrositio. 100% Revisa el Marco Normativo 2 Concentrar un inventario de los sitios y monumentos con valor universal, excepcional. Micrositio del observatorio en la p\u00e1gina de Gobierno Abierto. 3 Crear un Observatorio en la ciudad&hellip;<\/p>\n","protected":false},"author":7,"featured_media":0,"parent":0,"menu_order":0,"comment_status":"closed","ping_status":"closed","template":"","meta":[],"_links":{"self":[{"href":"http:\/\/www.gobiernoabiertozacatecas.org.mx\/ga\/wp-json\/wp\/v2\/pages\/533"}],"collection":[{"href":"http:\/\/www.gobiernoabiertozacatecas.org.mx\/ga\/wp-json\/wp\/v2\/pages"}],"about":[{"href":"http:\/\/www.gobiernoabiertozacatecas.org.mx\/ga\/wp-json\/wp\/v2\/types\/page"}],"author":[{"embeddable":true,"href":"http:\/\/www.gobiernoabiertozacatecas.org.mx\/ga\/wp-json\/wp\/v2\/users\/7"}],"replies":[{"embeddable":true,"href":"http:\/\/www.gobiernoabiertozacatecas.org.mx\/ga\/wp-json\/wp\/v2\/comments?post=533"}],"version-history":[{"count":6,"href":"http:\/\/www.gobiernoabiertozacatecas.org.mx\/ga\/wp-json\/wp\/v2\/pages\/533\/revisions"}],"predecessor-version":[{"id":1103,"href":"http:\/\/www.gobiernoabiertozacatecas.org.mx\/ga\/wp-json\/wp\/v2\/pages\/533\/revisions\/1103"}],"wp:attachment":[{"href":"http:\/\/www.gobiernoabiertozacatecas.org.mx\/ga\/wp-json\/wp\/v2\/media?parent=533"}],"curies":[{"name":"wp","href":"https:\/\/api.w.org\/{rel}","templated":true}]}}