{"id":411,"date":"2016-10-25T07:47:52","date_gmt":"2016-10-25T07:47:52","guid":{"rendered":"http:\/\/www.inovativv.net\/ga\/?page_id=411"},"modified":"2018-03-09T15:46:09","modified_gmt":"2018-03-09T15:46:09","slug":"antecedentes","status":"publish","type":"page","link":"http:\/\/www.gobiernoabiertozacatecas.org.mx\/ga\/antecedentes\/","title":{"rendered":"Antecedentes"},"content":{"rendered":"<p>&nbsp;<\/p>\n<p>&nbsp;<\/p>\n<table style=\"height: 251px;\" width=\"761\">\n<tbody>\n<tr>\n<td>22 de agosto, 2016<\/td>\n<td><strong>Lanzamiento del plan de acci\u00f3n local\u00a0<\/strong><strong>Close<br \/>\n<\/strong>Del 8 al 15 de junio se realiz\u00f3 un proceso de socializaci\u00f3n y finalmente el 22 de Agosto de 2016 fue lanzado el Plan de Acci\u00f3n Local.<\/td>\n<td><strong>DEFINIENDO LOS COMPROMISOS<br \/>\n<\/strong>Se definen 5 proyectos para estructurar el plan de acci\u00f3n local .<\/td>\n<\/tr>\n<tr>\n<td><\/td>\n<td><strong>Aprobando la Metodolog\u00eda\u00a0<\/strong><strong>Close<br \/>\n<\/strong>En el marco de la segunda sesi\u00f3n extraordinaria del STL, se aprob\u00f3 la Metodolog\u00eda para la selecci\u00f3n del Plan de Acci\u00f3n Local de Gobierno Abierto, as\u00ed como tambi\u00e9n, se emiti\u00f3 la votaci\u00f3n respectiva, referente a las propuestas que conformar\u00edan los compromisos para el primer PAL.<\/td>\n<td><\/td>\n<\/tr>\n<tr>\n<td>4 de Febrero, 2016<\/td>\n<td><strong>Presentando propuestas\u00a0<\/strong><strong>Close<br \/>\n<\/strong>A partir de ello, el 4 de febrero de 2016 se invit\u00f3 a la sociedad a que enviara sus propuestas a fin de escuchar de viva voz la amplitud del problema detectado, los actores involucrados y las posibles soluciones, present\u00e1ndose 11 de las 18 propuestas receptadas.<\/td>\n<td><\/td>\n<\/tr>\n<tr>\n<td>11 de Diciembre 2015<\/td>\n<td><strong>Conformando el Plan\u00a0<\/strong><strong>Close<br \/>\n<\/strong>Para la elaboraci\u00f3n del PAL, el Secretariado T\u00e9cnico Local lanz\u00f3 una convocatoria, del 23 al 27 de noviembre de 2015, para invitar a la sociedad zacatecana a que detectara algunas problem\u00e1ticas en las que se viera involucrada, al menos, una autoridad del sector p\u00fablico, misma que fue ampliada hasta el 11 de diciembre por acuerdo del Secretariado dentro del marco de la tercera sesi\u00f3n ordinaria,\u00a0 con el objeto de darle mayor difusi\u00f3n en medios de comunicaci\u00f3n, recibi\u00e9ndose un total de 18 propuestas.<\/td>\n<td><\/td>\n<\/tr>\n<tr>\n<td>25 de Septiembre, 2015<\/td>\n<td><strong>SE INSTALA LEGALMENTE EL SECRETARIADO<br \/>\n<\/strong>Se instal\u00f3 legalmente el Secretariado T\u00e9cnico Local de Zacatecas (STL), \u00f3rgano m\u00e1ximo de toma de decisiones de Gobierno Abierto en la entidad.<\/td>\n<td><\/td>\n<\/tr>\n<tr>\n<td>18 de Agosto, 2015<\/td>\n<td><strong>OBTUVIMOS RESULTADOS<br \/>\n<\/strong><strong>La convocatoria da resultados\u00a0<\/strong><strong>Close<br \/>\n<\/strong>Derivado de la convocatoria, citada p\u00e1rrafo anterior, el 18 de agosto, se reunieron m\u00e1s de 50 representantes y\/o actores de C\u00e1maras, Colegios, Asociaciones, Universidades, entre otros, a fin de designar al representante de la Sociedad, el cual coadyuvar\u00eda en los trabajos de Gobierno Abierto de Zacatecas.<\/td>\n<td><\/td>\n<\/tr>\n<tr>\n<td>7 de Agosto, 2015<\/td>\n<td><strong>LANZAMOS LA CONVOCATORIA<br \/>\n<\/strong><span style=\"font-family: inherit; font-size: inherit;\">La CEAIP lanz\u00f3 una convocatoria para invitar a la sociedad a formar parte del proyecto de Gobierno Abierto de Zacatecas.<\/span><\/td>\n<td><\/td>\n<\/tr>\n<tr>\n<td>2 de Junio, 2015<\/td>\n<td><strong>Se lanza la convocatoria\u00a0<\/strong><strong>Close<br \/>\n<\/strong>En consecuencia, el 7 de agosto del mismo a\u00f1o, la CEAIP, en coordinaci\u00f3n con la Federaci\u00f3n de Colegios y Asociaciones de Profesionistas del Estado de Zacatecas (FECOAPEZ), lanz\u00f3 una convocatoria para invitar a la sociedad a formar parte del proyecto de Gobierno Abierto de Zacatecas.<\/td>\n<td><\/td>\n<\/tr>\n<tr>\n<td>8 de Junio, 2015<\/td>\n<td><strong>Firma de Declaraci\u00f3n\u00a0<\/strong><strong>Close<br \/>\n<\/strong>Es as\u00ed como el 2 de julio de 2015, Zacatecas firm\u00f3 la \u201cDeclaraci\u00f3n Conjunta para la Implementaci\u00f3n de Acciones para un Gobierno Abierto\u201d, ceremonia p\u00fablica precedida por el Lic. Miguel Alonso Reyes, Gobernador del Estado de Zacatecas; Dip. Gilberto Zamora Salas, Diputado LXI Legislatura del Estado; Lic. Juan Antonio Casta\u00f1eda Ruiz, Presidente del Tribunal Superior de Justicia; Mtro. Joel Salas Su\u00e1rez, Comisionado del INAI;\u00a0 la Comisi\u00f3n Estatal para el Acceso a la Informaci\u00f3n P\u00fablica, y, sin lugar a duda, la Sociedad Civil.<\/td>\n<td><\/td>\n<\/tr>\n<tr>\n<td>13 de Abril, 2015<\/td>\n<td><strong>Socializando el modelo\u00a0<\/strong><strong>Close<br \/>\n<\/strong>A fin de socializar el modelo de Gobierno Abierto con los actores involucrados, la CEAIP realiz\u00f3 diversas reuniones de trabajo, una de ellas, el 8 de junio de 2015, con la sociedad zacatecana (Federaci\u00f3n de Colegios y Asociaciones de Profesionistas del Estado de Zacatecas, C\u00e1maras Empresariales, Universidades, Organismos no gubernamentales), asimismo, con las instancias del sector p\u00fablico (Poder Ejecutivo, Legislativo, Organismos Aut\u00f3nomos, Ayuntamiento de Guadalupe y Zacatecas), las cuales fueron presididas por el Mtro. Francisco Ra\u00fal \u00c1lvarez C\u00f3rdoba y el Mtro. Ricardo Valencia Lara de la Direcci\u00f3n General de Gobierno Abierto y Transparencia del INAI<\/td>\n<td><strong>Instalaci\u00f3n del Secretariado T\u00e9cnico Local\u00a0<\/strong><strong>Close<br \/>\n<\/strong>Se instal\u00f3 legalmente el Secretariado T\u00e9cnico Local de Zacatecas (STL), \u00f3rgano m\u00e1ximo de toma de decisiones de Gobierno Abierto en la entidad y que coordinar\u00eda y dar\u00eda seguimiento al cumplimiento de los compromisos y acciones establecidas en el presente Plan de Acci\u00f3n Local. Este Secretariado tiene una conformaci\u00f3n heptapartita al estar integrado por los Poderes Ejecutivo, Legislativo y Judicial, los Organismos Aut\u00f3nomos, el municipio de Zacatecas, el \u00d3rgano Garante de Transparencia, ahora Instituto de Transparencia, Acceso a la Informaci\u00f3n P\u00fablica y Protecci\u00f3n de Datos Personales (IZAI), y la Sociedad Civil.<\/td>\n<\/tr>\n<\/tbody>\n<\/table>\n<p><\/p>\n","protected":false},"excerpt":{"rendered":"<p>&nbsp; &nbsp; 22 de agosto, 2016 Lanzamiento del plan de acci\u00f3n local\u00a0Close Del 8 al 15 de junio se realiz\u00f3 un proceso de socializaci\u00f3n y finalmente el 22 de Agosto de 2016 fue lanzado el Plan de Acci\u00f3n Local. DEFINIENDO LOS COMPROMISOS Se definen 5 proyectos para estructurar el plan de acci\u00f3n local . Aprobando&hellip;<\/p>\n","protected":false},"author":7,"featured_media":0,"parent":0,"menu_order":0,"comment_status":"closed","ping_status":"closed","template":"","meta":[],"_links":{"self":[{"href":"http:\/\/www.gobiernoabiertozacatecas.org.mx\/ga\/wp-json\/wp\/v2\/pages\/411"}],"collection":[{"href":"http:\/\/www.gobiernoabiertozacatecas.org.mx\/ga\/wp-json\/wp\/v2\/pages"}],"about":[{"href":"http:\/\/www.gobiernoabiertozacatecas.org.mx\/ga\/wp-json\/wp\/v2\/types\/page"}],"author":[{"embeddable":true,"href":"http:\/\/www.gobiernoabiertozacatecas.org.mx\/ga\/wp-json\/wp\/v2\/users\/7"}],"replies":[{"embeddable":true,"href":"http:\/\/www.gobiernoabiertozacatecas.org.mx\/ga\/wp-json\/wp\/v2\/comments?post=411"}],"version-history":[{"count":22,"href":"http:\/\/www.gobiernoabiertozacatecas.org.mx\/ga\/wp-json\/wp\/v2\/pages\/411\/revisions"}],"predecessor-version":[{"id":994,"href":"http:\/\/www.gobiernoabiertozacatecas.org.mx\/ga\/wp-json\/wp\/v2\/pages\/411\/revisions\/994"}],"wp:attachment":[{"href":"http:\/\/www.gobiernoabiertozacatecas.org.mx\/ga\/wp-json\/wp\/v2\/media?parent=411"}],"curies":[{"name":"wp","href":"https:\/\/api.w.org\/{rel}","templated":true}]}}