{"id":1269,"date":"2019-03-05T17:39:35","date_gmt":"2019-03-05T17:39:35","guid":{"rendered":"http:\/\/www.gobiernoabiertozacatecas.org.mx\/ga\/?page_id=1269"},"modified":"2020-02-12T19:58:09","modified_gmt":"2020-02-12T19:58:09","slug":"2do-plan-de-accion-local","status":"publish","type":"page","link":"http:\/\/www.gobiernoabiertozacatecas.org.mx\/ga\/2do-plan-de-accion-local\/","title":{"rendered":"2do Plan de Acci\u00f3n Local"},"content":{"rendered":"<p>&nbsp;<\/p>\n<table>\n<tbody>\n<tr>\n<td><img loading=\"lazy\" class=\"alignleft wp-image-1321\" src=\"http:\/\/www.gobiernoabiertozacatecas.org.mx\/ga\/wp-content\/uploads\/2019\/03\/Deporte.png\" alt=\"\" width=\"151\" height=\"151\" srcset=\"http:\/\/www.gobiernoabiertozacatecas.org.mx\/ga\/wp-content\/uploads\/2019\/03\/Deporte.png 4000w, http:\/\/www.gobiernoabiertozacatecas.org.mx\/ga\/wp-content\/uploads\/2019\/03\/Deporte-150x150.png 150w, http:\/\/www.gobiernoabiertozacatecas.org.mx\/ga\/wp-content\/uploads\/2019\/03\/Deporte-300x300.png 300w, http:\/\/www.gobiernoabiertozacatecas.org.mx\/ga\/wp-content\/uploads\/2019\/03\/Deporte-768x768.png 768w, http:\/\/www.gobiernoabiertozacatecas.org.mx\/ga\/wp-content\/uploads\/2019\/03\/Deporte-1024x1024.png 1024w, http:\/\/www.gobiernoabiertozacatecas.org.mx\/ga\/wp-content\/uploads\/2019\/03\/Deporte-1168x1168.png 1168w\" sizes=\"(max-width: 151px) 100vw, 151px\" \/><\/td>\n<td>1. Transparencia en el recurso del deporte<\/td>\n<\/tr>\n<tr>\n<td><img loading=\"lazy\" class=\"alignleft wp-image-1323\" src=\"http:\/\/www.gobiernoabiertozacatecas.org.mx\/ga\/wp-content\/uploads\/2019\/03\/Bufa.jpg\" alt=\"\" width=\"151\" height=\"151\" srcset=\"http:\/\/www.gobiernoabiertozacatecas.org.mx\/ga\/wp-content\/uploads\/2019\/03\/Bufa.jpg 4000w, http:\/\/www.gobiernoabiertozacatecas.org.mx\/ga\/wp-content\/uploads\/2019\/03\/Bufa-150x150.jpg 150w, http:\/\/www.gobiernoabiertozacatecas.org.mx\/ga\/wp-content\/uploads\/2019\/03\/Bufa-300x300.jpg 300w, http:\/\/www.gobiernoabiertozacatecas.org.mx\/ga\/wp-content\/uploads\/2019\/03\/Bufa-768x768.jpg 768w, http:\/\/www.gobiernoabiertozacatecas.org.mx\/ga\/wp-content\/uploads\/2019\/03\/Bufa-1024x1024.jpg 1024w, http:\/\/www.gobiernoabiertozacatecas.org.mx\/ga\/wp-content\/uploads\/2019\/03\/Bufa-1168x1168.jpg 1168w\" sizes=\"(max-width: 151px) 100vw, 151px\" \/><\/td>\n<td>2. Por la recuperaci\u00f3n del Cerro de la Bufa<\/td>\n<\/tr>\n<tr>\n<td><a href=\"http:\/\/www.issstezac.gob.mx\/inicio\/index.php\/gobierno-abierto\"><img loading=\"lazy\" class=\"alignleft wp-image-1326\" src=\"http:\/\/www.gobiernoabiertozacatecas.org.mx\/ga\/wp-content\/uploads\/2019\/03\/ISSSTEZAC.png\" alt=\"\" width=\"151\" height=\"151\" srcset=\"http:\/\/www.gobiernoabiertozacatecas.org.mx\/ga\/wp-content\/uploads\/2019\/03\/ISSSTEZAC.png 4000w, http:\/\/www.gobiernoabiertozacatecas.org.mx\/ga\/wp-content\/uploads\/2019\/03\/ISSSTEZAC-150x150.png 150w, http:\/\/www.gobiernoabiertozacatecas.org.mx\/ga\/wp-content\/uploads\/2019\/03\/ISSSTEZAC-300x300.png 300w, http:\/\/www.gobiernoabiertozacatecas.org.mx\/ga\/wp-content\/uploads\/2019\/03\/ISSSTEZAC-768x768.png 768w, http:\/\/www.gobiernoabiertozacatecas.org.mx\/ga\/wp-content\/uploads\/2019\/03\/ISSSTEZAC-1024x1024.png 1024w, http:\/\/www.gobiernoabiertozacatecas.org.mx\/ga\/wp-content\/uploads\/2019\/03\/ISSSTEZAC-1168x1168.png 1168w\" sizes=\"(max-width: 151px) 100vw, 151px\" \/><\/a><\/td>\n<td><a href=\"http:\/\/www.issstezac.gob.mx\/inicio\/index.php\/gobierno-abierto\">3. Fondo de Pensiones del ISSSTEZAC<\/a><\/td>\n<\/tr>\n<tr>\n<td><img loading=\"lazy\" class=\"alignleft wp-image-1325\" src=\"http:\/\/www.gobiernoabiertozacatecas.org.mx\/ga\/wp-content\/uploads\/2019\/03\/Cabildo-Abierto.png\" alt=\"\" width=\"151\" height=\"151\" srcset=\"http:\/\/www.gobiernoabiertozacatecas.org.mx\/ga\/wp-content\/uploads\/2019\/03\/Cabildo-Abierto.png 4000w, http:\/\/www.gobiernoabiertozacatecas.org.mx\/ga\/wp-content\/uploads\/2019\/03\/Cabildo-Abierto-150x150.png 150w, http:\/\/www.gobiernoabiertozacatecas.org.mx\/ga\/wp-content\/uploads\/2019\/03\/Cabildo-Abierto-300x300.png 300w, http:\/\/www.gobiernoabiertozacatecas.org.mx\/ga\/wp-content\/uploads\/2019\/03\/Cabildo-Abierto-768x768.png 768w, http:\/\/www.gobiernoabiertozacatecas.org.mx\/ga\/wp-content\/uploads\/2019\/03\/Cabildo-Abierto-1024x1024.png 1024w, http:\/\/www.gobiernoabiertozacatecas.org.mx\/ga\/wp-content\/uploads\/2019\/03\/Cabildo-Abierto-1168x1168.png 1168w\" sizes=\"(max-width: 151px) 100vw, 151px\" \/><\/td>\n<td>4. Cabildo Abierto<\/td>\n<\/tr>\n<tr>\n<td><img loading=\"lazy\" class=\"alignleft wp-image-1322\" src=\"http:\/\/www.gobiernoabiertozacatecas.org.mx\/ga\/wp-content\/uploads\/2019\/03\/seguimiento-a-los-criterios-de-compra.png\" alt=\"\" width=\"151\" height=\"151\" srcset=\"http:\/\/www.gobiernoabiertozacatecas.org.mx\/ga\/wp-content\/uploads\/2019\/03\/seguimiento-a-los-criterios-de-compra.png 4000w, http:\/\/www.gobiernoabiertozacatecas.org.mx\/ga\/wp-content\/uploads\/2019\/03\/seguimiento-a-los-criterios-de-compra-150x150.png 150w, http:\/\/www.gobiernoabiertozacatecas.org.mx\/ga\/wp-content\/uploads\/2019\/03\/seguimiento-a-los-criterios-de-compra-300x300.png 300w, http:\/\/www.gobiernoabiertozacatecas.org.mx\/ga\/wp-content\/uploads\/2019\/03\/seguimiento-a-los-criterios-de-compra-768x768.png 768w, http:\/\/www.gobiernoabiertozacatecas.org.mx\/ga\/wp-content\/uploads\/2019\/03\/seguimiento-a-los-criterios-de-compra-1024x1024.png 1024w, http:\/\/www.gobiernoabiertozacatecas.org.mx\/ga\/wp-content\/uploads\/2019\/03\/seguimiento-a-los-criterios-de-compra-1168x1168.png 1168w\" sizes=\"(max-width: 151px) 100vw, 151px\" \/><\/td>\n<td>5. Seguimiento a los criterios y procedimientos de compra, adquisici\u00f3n y contrataci\u00f3n de obra p\u00fablica en los municipios de Zacatecas, Guadalupe y Fresnillo.<\/td>\n<\/tr>\n<tr>\n<td><img loading=\"lazy\" class=\"alignleft wp-image-1324\" src=\"http:\/\/www.gobiernoabiertozacatecas.org.mx\/ga\/wp-content\/uploads\/2019\/08\/gob.jpg\" alt=\"\" width=\"151\" height=\"151\" \/><\/td>\n<td><a href=\"http:\/\/www.gobiernoabiertozacatecas.org.mx\/ga\/wp-content\/uploads\/2019\/08\/Plan-de-Acci\u00f3n-Local-Final.pdf\">7. Plan de Acci\u00f3n Local<\/a><\/td>\n<\/tr>\n<tr>\n<td><\/td>\n<td><\/td>\n<\/tr>\n<\/tbody>\n<\/table>\n<p>&nbsp;<\/p>\n","protected":false},"excerpt":{"rendered":"<p>&nbsp; 1. Transparencia en el recurso del deporte 2. Por la recuperaci\u00f3n del Cerro de la Bufa 3. Fondo de Pensiones del ISSSTEZAC 4. Cabildo Abierto 5. Seguimiento a los criterios y procedimientos de compra, adquisici\u00f3n y contrataci\u00f3n de obra p\u00fablica en los municipios de Zacatecas, Guadalupe y Fresnillo. 7. Plan de Acci\u00f3n Local &nbsp;<\/p>\n","protected":false},"author":7,"featured_media":0,"parent":0,"menu_order":0,"comment_status":"closed","ping_status":"closed","template":"","meta":[],"_links":{"self":[{"href":"http:\/\/www.gobiernoabiertozacatecas.org.mx\/ga\/wp-json\/wp\/v2\/pages\/1269"}],"collection":[{"href":"http:\/\/www.gobiernoabiertozacatecas.org.mx\/ga\/wp-json\/wp\/v2\/pages"}],"about":[{"href":"http:\/\/www.gobiernoabiertozacatecas.org.mx\/ga\/wp-json\/wp\/v2\/types\/page"}],"author":[{"embeddable":true,"href":"http:\/\/www.gobiernoabiertozacatecas.org.mx\/ga\/wp-json\/wp\/v2\/users\/7"}],"replies":[{"embeddable":true,"href":"http:\/\/www.gobiernoabiertozacatecas.org.mx\/ga\/wp-json\/wp\/v2\/comments?post=1269"}],"version-history":[{"count":8,"href":"http:\/\/www.gobiernoabiertozacatecas.org.mx\/ga\/wp-json\/wp\/v2\/pages\/1269\/revisions"}],"predecessor-version":[{"id":1540,"href":"http:\/\/www.gobiernoabiertozacatecas.org.mx\/ga\/wp-json\/wp\/v2\/pages\/1269\/revisions\/1540"}],"wp:attachment":[{"href":"http:\/\/www.gobiernoabiertozacatecas.org.mx\/ga\/wp-json\/wp\/v2\/media?parent=1269"}],"curies":[{"name":"wp","href":"https:\/\/api.w.org\/{rel}","templated":true}]}}